{"id":129,"date":"2020-02-19T18:09:35","date_gmt":"2020-02-19T17:09:35","guid":{"rendered":"http:\/\/vincent.lobs.pro\/?page_id=129"},"modified":"2024-12-07T17:14:08","modified_gmt":"2024-12-07T16:14:08","slug":"bio","status":"publish","type":"page","link":"http:\/\/vincentcome.com\/index.php\/bio\/","title":{"rendered":"Bio. gradable"},"content":{"rendered":"\t\t<div data-elementor-type=\"wp-page\" data-elementor-id=\"129\" class=\"elementor elementor-129\">\n\t\t\t\t\t\t<section class=\"elementor-section elementor-top-section elementor-element elementor-element-ef39232 elementor-section-boxed elementor-section-height-default elementor-section-height-default\" data-id=\"ef39232\" data-element_type=\"section\" data-e-type=\"section\">\n\t\t\t\t\t\t<div class=\"elementor-container elementor-column-gap-default\">\n\t\t\t\t\t<div class=\"elementor-column elementor-col-100 elementor-top-column elementor-element elementor-element-df8dee9\" data-id=\"df8dee9\" data-element_type=\"column\" data-e-type=\"column\">\n\t\t\t<div class=\"elementor-widget-wrap elementor-element-populated\">\n\t\t\t\t\t\t<div class=\"elementor-element elementor-element-04c5468 elementor-widget elementor-widget-spacer\" data-id=\"04c5468\" data-element_type=\"widget\" data-e-type=\"widget\" data-widget_type=\"spacer.default\">\n\t\t\t\t<div class=\"elementor-widget-container\">\n\t\t\t\t\t\t\t<div class=\"elementor-spacer\">\n\t\t\t<div class=\"elementor-spacer-inner\"><\/div>\n\t\t<\/div>\n\t\t\t\t\t\t<\/div>\n\t\t\t\t<\/div>\n\t\t\t\t<div class=\"elementor-element elementor-element-5d81937 elementor-widget elementor-widget-text-editor\" data-id=\"5d81937\" data-element_type=\"widget\" data-e-type=\"widget\" data-widget_type=\"text-editor.default\">\n\t\t\t\t<div class=\"elementor-widget-container\">\n\t\t\t\t\t\t\t\t\t<p style=\"text-align: center;\"><strong>1963 est l&rsquo;ann\u00e9e de ma naissance.<\/strong><\/p>\t\t\t\t\t\t\t\t<\/div>\n\t\t\t\t<\/div>\n\t\t\t\t\t<\/div>\n\t\t<\/div>\n\t\t\t\t\t<\/div>\n\t\t<\/section>\n\t\t\t\t<section class=\"elementor-section elementor-top-section elementor-element elementor-element-53e5bd6d elementor-section-boxed elementor-section-height-default elementor-section-height-default\" data-id=\"53e5bd6d\" data-element_type=\"section\" data-e-type=\"section\">\n\t\t\t\t\t\t<div class=\"elementor-container elementor-column-gap-default\">\n\t\t\t\t\t<div class=\"elementor-column elementor-col-100 elementor-top-column elementor-element elementor-element-19c8b0c3\" data-id=\"19c8b0c3\" data-element_type=\"column\" data-e-type=\"column\">\n\t\t\t<div class=\"elementor-widget-wrap elementor-element-populated\">\n\t\t\t\t\t\t<div class=\"elementor-element elementor-element-95fbdfc elementor-widget elementor-widget-text-editor\" data-id=\"95fbdfc\" data-element_type=\"widget\" data-e-type=\"widget\" data-widget_type=\"text-editor.default\">\n\t\t\t\t<div class=\"elementor-widget-container\">\n\t\t\t\t\t\t\t\t\t<p>\u00c0 partir de <span style=\"color: #dda212;\">Tours<\/span>, puis, par la crois\u00e9e de <span style=\"color: #dda212;\">La Madeleine<\/span>, <span style=\"color: #dda212;\">La Celle-Saint-Cloud<\/span>, <span style=\"color: #dda212;\">Moruroa<\/span>, <span style=\"color: #dda212;\">Paris<\/span>, <span style=\"color: #dda212;\">Suresnes<\/span>, <span style=\"color: #dda212;\">Pantin<\/span>, <span style=\"color: #dda212;\">V\u00e9lizy\/Villacoublay<\/span>, <span style=\"color: #dda212;\">Bi\u00e8vres<\/span>, je suis arriv\u00e9 \u00e0 <span style=\"color: #dda212;\">La Motte-Tilly<\/span>, o\u00f9 je travaille et vis.<\/p>\t\t\t\t\t\t\t\t<\/div>\n\t\t\t\t<\/div>\n\t\t\t\t\t<\/div>\n\t\t<\/div>\n\t\t\t\t\t<\/div>\n\t\t<\/section>\n\t\t\t\t<section class=\"elementor-section elementor-top-section elementor-element elementor-element-d06b8a4 elementor-section-boxed elementor-section-height-default elementor-section-height-default\" data-id=\"d06b8a4\" data-element_type=\"section\" data-e-type=\"section\">\n\t\t\t\t\t\t<div class=\"elementor-container elementor-column-gap-default\">\n\t\t\t\t\t<div class=\"elementor-column elementor-col-100 elementor-top-column elementor-element elementor-element-bc49555\" data-id=\"bc49555\" data-element_type=\"column\" data-e-type=\"column\">\n\t\t\t<div class=\"elementor-widget-wrap elementor-element-populated\">\n\t\t\t\t\t\t<section class=\"elementor-section elementor-inner-section elementor-element elementor-element-71790eb elementor-section-boxed elementor-section-height-default elementor-section-height-default\" data-id=\"71790eb\" data-element_type=\"section\" data-e-type=\"section\">\n\t\t\t\t\t\t<div class=\"elementor-container elementor-column-gap-default\">\n\t\t\t\t\t<div class=\"elementor-column elementor-col-50 elementor-inner-column elementor-element elementor-element-ed4e4b1\" data-id=\"ed4e4b1\" data-element_type=\"column\" data-e-type=\"column\">\n\t\t\t<div class=\"elementor-widget-wrap elementor-element-populated\">\n\t\t\t\t\t\t<div class=\"elementor-element elementor-element-7d24dff elementor-widget elementor-widget-image\" data-id=\"7d24dff\" data-element_type=\"widget\" data-e-type=\"widget\" data-widget_type=\"image.default\">\n\t\t\t\t<div class=\"elementor-widget-container\">\n\t\t\t\t\t\t\t\t\t\t\t\t\t\t\t<img fetchpriority=\"high\" decoding=\"async\" width=\"750\" height=\"750\" src=\"http:\/\/vincentcome.com\/wp-content\/uploads\/2021\/11\/Web-Fractures-Octobre21-Vinylique-1-1024x1024.jpg\" class=\"attachment-large size-large wp-image-5304\" alt=\"\" srcset=\"http:\/\/vincentcome.com\/wp-content\/uploads\/2021\/11\/Web-Fractures-Octobre21-Vinylique-1-1024x1024.jpg 1024w, http:\/\/vincentcome.com\/wp-content\/uploads\/2021\/11\/Web-Fractures-Octobre21-Vinylique-1-160x160.jpg 160w, http:\/\/vincentcome.com\/wp-content\/uploads\/2021\/11\/Web-Fractures-Octobre21-Vinylique-1-600x599.jpg 600w, http:\/\/vincentcome.com\/wp-content\/uploads\/2021\/11\/Web-Fractures-Octobre21-Vinylique-1-300x300.jpg 300w, http:\/\/vincentcome.com\/wp-content\/uploads\/2021\/11\/Web-Fractures-Octobre21-Vinylique-1-150x150.jpg 150w, http:\/\/vincentcome.com\/wp-content\/uploads\/2021\/11\/Web-Fractures-Octobre21-Vinylique-1-768x767.jpg 768w, http:\/\/vincentcome.com\/wp-content\/uploads\/2021\/11\/Web-Fractures-Octobre21-Vinylique-1.jpg 1366w\" sizes=\"(max-width: 750px) 100vw, 750px\" \/>\t\t\t\t\t\t\t\t\t\t\t\t\t\t\t<\/div>\n\t\t\t\t<\/div>\n\t\t\t\t\t<\/div>\n\t\t<\/div>\n\t\t\t\t<div class=\"elementor-column elementor-col-50 elementor-inner-column elementor-element elementor-element-aa527c6\" data-id=\"aa527c6\" data-element_type=\"column\" data-e-type=\"column\">\n\t\t\t<div class=\"elementor-widget-wrap\">\n\t\t\t\t\t\t\t<\/div>\n\t\t<\/div>\n\t\t\t\t\t<\/div>\n\t\t<\/section>\n\t\t\t\t\t<\/div>\n\t\t<\/div>\n\t\t\t\t\t<\/div>\n\t\t<\/section>\n\t\t\t\t<\/div>\n\t\t","protected":false},"excerpt":{"rendered":"<p>1963 est l&rsquo;ann\u00e9e de ma naissance. \u00c0 partir de Tours, puis, par la crois\u00e9e de La Madeleine, La Celle-Saint-Cloud, Moruroa, Paris, Suresnes, Pantin, V\u00e9lizy\/Villacoublay, Bi\u00e8vres, je suis arriv\u00e9 \u00e0 La Motte-Tilly, o\u00f9 je travaille et vis.<\/p>\n","protected":false},"author":2,"featured_media":5237,"parent":0,"menu_order":0,"comment_status":"closed","ping_status":"closed","template":"elementor_header_footer","meta":{"_themeisle_gutenberg_block_has_review":false,"footnotes":""},"class_list":["post-129","page","type-page","status-publish","has-post-thumbnail","hentry"],"_links":{"self":[{"href":"http:\/\/vincentcome.com\/index.php\/wp-json\/wp\/v2\/pages\/129","targetHints":{"allow":["GET"]}}],"collection":[{"href":"http:\/\/vincentcome.com\/index.php\/wp-json\/wp\/v2\/pages"}],"about":[{"href":"http:\/\/vincentcome.com\/index.php\/wp-json\/wp\/v2\/types\/page"}],"author":[{"embeddable":true,"href":"http:\/\/vincentcome.com\/index.php\/wp-json\/wp\/v2\/users\/2"}],"replies":[{"embeddable":true,"href":"http:\/\/vincentcome.com\/index.php\/wp-json\/wp\/v2\/comments?post=129"}],"version-history":[{"count":128,"href":"http:\/\/vincentcome.com\/index.php\/wp-json\/wp\/v2\/pages\/129\/revisions"}],"predecessor-version":[{"id":6488,"href":"http:\/\/vincentcome.com\/index.php\/wp-json\/wp\/v2\/pages\/129\/revisions\/6488"}],"wp:featuredmedia":[{"embeddable":true,"href":"http:\/\/vincentcome.com\/index.php\/wp-json\/wp\/v2\/media\/5237"}],"wp:attachment":[{"href":"http:\/\/vincentcome.com\/index.php\/wp-json\/wp\/v2\/media?parent=129"}],"curies":[{"name":"wp","href":"https:\/\/api.w.org\/{rel}","templated":true}]}}