{"id":171,"date":"2020-02-19T18:58:09","date_gmt":"2020-02-19T17:58:09","guid":{"rendered":"http:\/\/vincent.lobs.pro\/?page_id=171"},"modified":"2021-12-01T21:06:43","modified_gmt":"2021-12-01T20:06:43","slug":"mdina-biennale-2015-2016","status":"publish","type":"page","link":"http:\/\/vincentcome.com\/index.php\/mdina-biennale-2015-2016\/","title":{"rendered":"M&rsquo;dina biennale 2015\/2016"},"content":{"rendered":"<p>\u2022 Mdina Cathedral Contemporary Art Biennale 2015\/2016 (Malta)<\/p>\n<p><img decoding=\"async\" class=\"alignnone size-medium wp-image-221\" src=\"http:\/\/vincent.lobs.pro\/wp-content\/uploads\/2020\/02\/IMAGES201206Filet-300x2.jpg\" alt=\"\" width=\"300\" height=\"2\" srcset=\"http:\/\/vincentcome.com\/wp-content\/uploads\/2020\/02\/IMAGES201206Filet-300x2.jpg 300w, http:\/\/vincentcome.com\/wp-content\/uploads\/2020\/02\/IMAGES201206Filet-230x3.jpg 230w, http:\/\/vincentcome.com\/wp-content\/uploads\/2020\/02\/IMAGES201206Filet-370x2.jpg 370w, http:\/\/vincentcome.com\/wp-content\/uploads\/2020\/02\/IMAGES201206Filet.jpg 555w\" sizes=\"(max-width: 300px) 100vw, 300px\" \/><\/p>\n<p>Chapelle St Roque de Mdina, Malte<br \/>\n2 Peintures expos\u00e9es sur les 2 murs de la chapelle.<br \/>\n\u00ab Sang Corps \u00bb (Body Blood) 300 X 300 cm, acrylique sur toile de verre, 2015<br \/>\n\u00ab Sans Corps \u00bb (Bodiless) 300 X 300 cm, acrylique sur toile de verre, 2015<\/p>\n<p><img fetchpriority=\"high\" decoding=\"async\" class=\"alignnone wp-image-231\" src=\"http:\/\/vincent.lobs.pro\/wp-content\/uploads\/2020\/02\/IMG_1545Web-300x224.jpg\" alt=\"\" width=\"550\" height=\"411\" srcset=\"http:\/\/vincentcome.com\/wp-content\/uploads\/2020\/02\/IMG_1545Web-300x224.jpg 300w, http:\/\/vincentcome.com\/wp-content\/uploads\/2020\/02\/IMG_1545Web-600x448.jpg 600w, http:\/\/vincentcome.com\/wp-content\/uploads\/2020\/02\/IMG_1545Web-768x574.jpg 768w, http:\/\/vincentcome.com\/wp-content\/uploads\/2020\/02\/IMG_1545Web-370x276.jpg 370w, http:\/\/vincentcome.com\/wp-content\/uploads\/2020\/02\/IMG_1545Web.jpg 1000w\" sizes=\"(max-width: 550px) 100vw, 550px\" \/><br \/>\n<img decoding=\"async\" class=\"alignnone wp-image-232\" src=\"http:\/\/vincent.lobs.pro\/wp-content\/uploads\/2020\/02\/IMG_1609Web-300x224.jpg\" alt=\"\" width=\"550\" height=\"411\" srcset=\"http:\/\/vincentcome.com\/wp-content\/uploads\/2020\/02\/IMG_1609Web-300x224.jpg 300w, http:\/\/vincentcome.com\/wp-content\/uploads\/2020\/02\/IMG_1609Web-600x448.jpg 600w, http:\/\/vincentcome.com\/wp-content\/uploads\/2020\/02\/IMG_1609Web-768x574.jpg 768w, http:\/\/vincentcome.com\/wp-content\/uploads\/2020\/02\/IMG_1609Web-370x276.jpg 370w, http:\/\/vincentcome.com\/wp-content\/uploads\/2020\/02\/IMG_1609Web.jpg 1000w\" sizes=\"(max-width: 550px) 100vw, 550px\" \/><\/p>\n<p>\u00ab Livre \u00bb pos\u00e9 sur le lutrin de l\u2019autel, envrion 25 x 34 cm, Formes m\u00e9talliques peintes en rouge, 2015<\/p>\n<div id=\"attachment_216\" style=\"width: 560px\" class=\"wp-caption alignnone\"><img loading=\"lazy\" decoding=\"async\" aria-describedby=\"caption-attachment-216\" class=\"wp-image-216\" src=\"http:\/\/vincent.lobs.pro\/wp-content\/uploads\/2020\/02\/DSCF0448Web.jpg\" alt=\"\" width=\"550\" height=\"838\" srcset=\"http:\/\/vincentcome.com\/wp-content\/uploads\/2020\/02\/DSCF0448Web.jpg 656w, http:\/\/vincentcome.com\/wp-content\/uploads\/2020\/02\/DSCF0448Web-230x350.jpg 230w, http:\/\/vincentcome.com\/wp-content\/uploads\/2020\/02\/DSCF0448Web-600x915.jpg 600w, http:\/\/vincentcome.com\/wp-content\/uploads\/2020\/02\/DSCF0448Web-197x300.jpg 197w, http:\/\/vincentcome.com\/wp-content\/uploads\/2020\/02\/DSCF0448Web-370x564.jpg 370w\" sizes=\"(max-width: 550px) 100vw, 550px\" \/><p id=\"caption-attachment-216\" class=\"wp-caption-text\">MMdina Cathedral Contemporary Art Biennale 2015\/2016 (Malta) Chapelle st Roch, Livre m\u00e9tal, fil de fer peint, 2015<\/p><\/div>\n<div id=\"attachment_217\" style=\"width: 560px\" class=\"wp-caption alignnone\"><img loading=\"lazy\" decoding=\"async\" aria-describedby=\"caption-attachment-217\" class=\"wp-image-217\" src=\"http:\/\/vincent.lobs.pro\/wp-content\/uploads\/2020\/02\/DSCF5282Web-300x200.jpg\" alt=\"\" width=\"550\" height=\"367\" srcset=\"http:\/\/vincentcome.com\/wp-content\/uploads\/2020\/02\/DSCF5282Web-300x200.jpg 300w, http:\/\/vincentcome.com\/wp-content\/uploads\/2020\/02\/DSCF5282Web-600x400.jpg 600w, http:\/\/vincentcome.com\/wp-content\/uploads\/2020\/02\/DSCF5282Web-768x512.jpg 768w, http:\/\/vincentcome.com\/wp-content\/uploads\/2020\/02\/DSCF5282Web-370x247.jpg 370w, http:\/\/vincentcome.com\/wp-content\/uploads\/2020\/02\/DSCF5282Web.jpg 1000w\" sizes=\"(max-width: 550px) 100vw, 550px\" \/><p id=\"caption-attachment-217\" class=\"wp-caption-text\">Mus\u00e9e de la Cath\u00e9drale D\u00e9partement des anciennes civilisations \u00ab Sans titre \u00bb, environ 25 x 65 cm, formes m\u00e9talliques peintes en orange, 2015<\/p><\/div>\n<p>&nbsp;<\/p>\n<p><a href=\"http:\/\/vincent.lobs.pro\/index.php\/expositions\/\">Retour \u00e0 la page Expositions<\/a><\/p>\n","protected":false},"excerpt":{"rendered":"<p>\u2022 Mdina Cathedral Contemporary Art Biennale 2015\/2016 (Malta) Chapelle St Roque de Mdina, Malte 2 Peintures expos\u00e9es sur les 2 murs de la chapelle. \u00ab Sang Corps \u00bb (Body Blood) 300 X 300 cm, acrylique sur toile de verre, 2015 \u00ab Sans Corps \u00bb (Bodiless) 300 X 300 cm, acrylique [&hellip;]<\/p>\n","protected":false},"author":2,"featured_media":0,"parent":0,"menu_order":0,"comment_status":"closed","ping_status":"closed","template":"","meta":{"_themeisle_gutenberg_block_has_review":false,"footnotes":""},"class_list":["post-171","page","type-page","status-publish","hentry"],"_links":{"self":[{"href":"http:\/\/vincentcome.com\/index.php\/wp-json\/wp\/v2\/pages\/171","targetHints":{"allow":["GET"]}}],"collection":[{"href":"http:\/\/vincentcome.com\/index.php\/wp-json\/wp\/v2\/pages"}],"about":[{"href":"http:\/\/vincentcome.com\/index.php\/wp-json\/wp\/v2\/types\/page"}],"author":[{"embeddable":true,"href":"http:\/\/vincentcome.com\/index.php\/wp-json\/wp\/v2\/users\/2"}],"replies":[{"embeddable":true,"href":"http:\/\/vincentcome.com\/index.php\/wp-json\/wp\/v2\/comments?post=171"}],"version-history":[{"count":8,"href":"http:\/\/vincentcome.com\/index.php\/wp-json\/wp\/v2\/pages\/171\/revisions"}],"predecessor-version":[{"id":273,"href":"http:\/\/vincentcome.com\/index.php\/wp-json\/wp\/v2\/pages\/171\/revisions\/273"}],"wp:attachment":[{"href":"http:\/\/vincentcome.com\/index.php\/wp-json\/wp\/v2\/media?parent=171"}],"curies":[{"name":"wp","href":"https:\/\/api.w.org\/{rel}","templated":true}]}}